{"id":415,"date":"2011-02-07T09:13:31","date_gmt":"2011-02-07T08:13:31","guid":{"rendered":"http:\/\/innovacion-docente.zeus.umh.es\/?page_id=415"},"modified":"2019-10-21T13:20:24","modified_gmt":"2019-10-21T11:20:24","slug":"adobe-connect","status":"publish","type":"page","link":"https:\/\/innovacion-docente.umh.es\/en\/recursos-docentes\/adobe-connect\/","title":{"rendered":"Videoconferencia: Adobe Connect"},"content":{"rendered":"<p><\/p>\n<p><p><strong>1. Introducci\u00f3n:<\/strong><\/p>\n<p>Adobe Connect es una herramienta de videoconferencia integrada en la UMH. Para utilizarla tan s\u00f3lo es necesario disponer de un navegador con Adobe Flash instalado. Esta herramienta permite realizar videoconferencias de forma sencilla, ofreciendo <em>imagen y voz del ponente<\/em>, compartici\u00f3n de <em>archivos<\/em>, <em>diapositivas <\/em>y <em>pantalla<\/em>, interacci\u00f3n con <em>chat<\/em>, permisos de <em>micr\u00f3fono a asistentes<\/em>, realizaci\u00f3n de <em>encuestas <\/em>y mucho m\u00e1s.<br \/>\n<code>[kml_flashembed movie=\"http:\/\/www.youtube.com\/v\/MbLLWeH8dGI\" width=\"425\" height=\"350\" wmode=\"transparent\" \/]<\/code><\/p>\n<p><strong>2. Reserva de sala:<\/strong><\/p>\n<p>El primer paso para usar Adobe Connect como personal de la UMH consistir\u00e1 en realizar la reserva de una sala de videoconferencia. Esta reserva se realizar\u00e1 a partir del v\u00ednculo <em>www.umh.es\/horarios<\/em> y seleccionando <em>&#8220;Solicitud de reserva para estancias virtuales de videoconferencia&#8221;. <\/em>Una vez hayamos realizado la reserva siguiendo el asistente, tendremos la sala habilitada para nuestro uso en la franja horaria seleccionada.<\/p>\n<p><code>[kml_flashembed movie=\"http:\/\/www.youtube.com\/v\/JOGYaCwu_-k\" width=\"425\" height=\"350\" wmode=\"transparent\" \/]<\/code><\/p>\n<p><strong>3. Acceso y ajustes iniciales:<\/strong><\/p>\n<p>Para acceder a la sala podremos hacerlo por medio de http:\/\/connect.umh.es\/sala(x) siendo (x) el n\u00famero de sala. Por ejemplo http:\/\/connect.umh.es\/sala3, si ha sido la sala3 la que ha sido reservada; esta URL habr\u00e1 de \u00a0enviarse a los asistentes para que accedan a la videoconferencia. Tambi\u00e9n podremos acceder por medio de http:\/\/connect.umh.es\/ en caso de no recordar el n\u00famero de sala reservado, donde encontraremos la sala y su v\u00ednculo de acceso en la franja horaria reservada.<\/p>\n<p>Deberemos recordar configurar nuestro sistema, y la sala de Connect, para asegurarnos de que tanto la imagen como el audio funcionan correctamente, para ello tendemos un asistente en la pesta\u00f1a &#8220;Reuni\u00f3n-&gt; Gestionar mis ajustes&#8221; done podremos verificar el correcto funcionamiento del micr\u00f3fono y de la c\u00e1mara.<\/p>\n<p><code>[kml_flashembed movie=\"http:\/\/www.youtube.com\/v\/m6IBGd8IL6M\" width=\"425\" height=\"350\" wmode=\"transparent\" \/]<\/code><\/p>\n<p><strong>4. Herramientas y dise\u00f1os:<\/strong><\/p>\n<p>Connect pone a disposici\u00f3n del usuario las herramientas necesarias para hacer de forma sencilla una videoconferencia. Estas herramientas se denominan &#8220;PODS&#8221; y pueden configurarse bajo distintos dise\u00f1os, en distintas disposiciones y con distintos tama\u00f1os. Por defecto tendremos 3 dise\u00f1os accesibles, pero podremos crear m\u00e1s si los necesitamos. Los pods de los que disponemos en Connect son los siguientes:<\/p>\n<p><em>&#8211;<strong>C\u00e1mara y voz:<\/strong><\/em> Este pod servir\u00e1 para que nuestros asistentes puedan ver al anfitri\u00f3n o ponente en directo a trav\u00e9s de su webcam. Una vez habilitado, adem\u00e1s de la imagen tambi\u00e9n se activa el audio del micr\u00f3fono.<\/p>\n<p><em>&#8211;<strong>Lista de asistentes<\/strong>:<\/em> Aqu\u00ed podremos ver todas las personas que est\u00e1n en la sala, modificar y verificar sus niveles de acceso (de asistentes a ponentes o a anfitriones). \u00a0En este pod podemos dar de permisos de micr\u00f3fono y solicitar a un asistente que nos comparta su pantalla de ordenador.<\/p>\n<p><em>&#8211;<strong>Chat<\/strong>:<\/em> En este pod podremos interaccionar con nuestros asistentes; es posible establecer una conversaci\u00f3n privada s\u00f3lo con aquellos asistentes que deseemos, seleccion\u00e1ndolos de la lista de asistentes.<\/p>\n<p><em>&#8211;<strong>Notas<\/strong>:<\/em> Aqu\u00ed podremos mostrar las ideas m\u00e1s importantes de la ponencia, \u00edndice de contenidos, apartado que se presenta, etc.<\/p>\n<p><em>&#8211;<strong>Compartir<\/strong>:<\/em> Este pod nos servir\u00e1 para compartir tanto presentaciones PowerPoint como archivos en video FLV y audios en MP3. Tambi\u00e9n podremos compartir nuestro escritorio con \u00e9l y usarlo como pizarra en caso de ser necesario.<\/p>\n<p><em>&#8211;<strong>Encuesta<\/strong>:<\/em> Aqu\u00ed podremos realizar encuestas o preguntas directas a los asistentes para mantener su atenci\u00f3n, los resultados ser\u00e1n mostrados en directo y podremos realizar preguntas de opci\u00f3n m\u00faltiple (solo una correcta) o m\u00faltiple respuesta (con varias opciones correctas).<\/p>\n<p><em>&#8211;<strong>Archivos<\/strong>:<\/em> En este pod podremos cargar archivos para compartirlos con los asistentes, de forma que durante la ponencia puedan descargarlos en sus equipos.<\/p>\n<p><code>[kml_flashembed movie=\"http:\/\/www.youtube.com\/v\/pXeCRvmfPkc\" width=\"425\" height=\"350\" wmode=\"transparent\" \/]<\/code><\/p>\n<p><strong>5. Gesti\u00f3n de las grabaciones:<\/strong><\/p>\n<p>Las sesiones de Connect pueden ser grabadas para su reutilizaci\u00f3n, pero el contenido de la sala ser\u00e1 eliminado tras finalizar la reserva, incluidas las grabaciones. Para evitar esto, debemos seleccionar la grabaci\u00f3n de la reuni\u00f3n y cambiarlo de la carpeta &#8220;Contenido de la sala&#8221; a &#8220;Contenido del usuario&#8221;.<\/p>\n<p>Para tener la grabaci\u00f3n siempre disponible deberemos acceder desde dentro de la sala a &#8220;Reuni\u00f3n-&gt;Gestionar informaci\u00f3n de la reuni\u00f3n&#8221;. Tras seleccionar el apartado &#8220;Grabaciones&#8221; deberemos seleccionar la grabaci\u00f3n de la sesi\u00f3n y moverla a nuestro contenido. Una vez aqu\u00ed podremos editar la grabaci\u00f3n para eliminar segmentos sin inter\u00e9s. No deber\u00e1 olvidarse hacer p\u00fablica la grabaci\u00f3n, desde &#8220;Permisos&#8221;, de esta manera todo el que tenga el v\u00ednculo podr\u00e1 visualizar el video. Siguiendo estos pasos tendremos siempre disponible la grabaci\u00f3n de la sesi\u00f3n para ser reutilizada.<\/p>\n<p><code>[kml_flashembed movie=\"http:\/\/www.youtube.com\/v\/41FE6f1I2YQ\" width=\"425\" height=\"350\" wmode=\"transparent\" \/]<\/code><\/p>\n<p><strong>6. Creaci\u00f3n de grupos de trabajo:<\/strong><\/p>\n<p>Connect ofrece la posibilidad de distribuir a los participantes de las reuniones hasta en 5 subsalas. Esto es particularmente \u00fatil para el trabajo colaborativo y presentaciones dentro de subgrupos de asistentes, ya que una vez se han distribuido en subsalas, \u00a0todos ellos adquieren permisos de presentador en las mismas, podr\u00e1n cargar sus presentaciones y presentarlas como el anfitri\u00f3n (ponente principal) en su sala. La mayor ventaja es que el ponente principal puede cambiar din\u00e1micamente de subsala para comprobar c\u00f3mo est\u00e1n las presentaciones de los alumnos, e informar con mensajes &#8220;Broadcast&#8221; a todo el mundo a la vez sobre la din\u00e1mica grupal o la temporalizaci\u00f3n de la actividad grupal.<\/p>\n<p><span style=\"font-family: monospace\">[kml_flashembed movie=&#8221;http:\/\/www.youtube.com\/v\/KtOfNEthZhI&#8221; width=&#8221;425&#8243; height=&#8221;350&#8243; wmode=&#8221;transparent&#8221; \/]<\/span><\/p>\n<p><strong>7. Instrucciones para los alumnos:<\/strong><\/p>\n<p>El anfitri\u00f3n o ponente ser\u00e1 responsable de informar a los participantes de cu\u00e1ndo ser\u00e1 la videoconferencia, tanto mediante un anuncio web, como mediante correo electr\u00f3nico, indicando: d\u00eda, hora, motivo de la reuni\u00f3n y lo m\u00e1s importante, el enlace de acceso.<\/p>\n<p>Se deber\u00e1 recomendar a los participantes que empleen auriculares y micr\u00f3fono para evitar acoples; adem\u00e1s deber\u00e1n contar tambi\u00e9n con webcam en caso de que se pretenda la interacci\u00f3n visual con ellos. Para que la conferencia discurra correctamente, cada participante deber\u00e1 configurar sus dispositivos de forma adecuada e iniciar el asistente de Audio de Connect en &#8220;Reuni\u00f3n-&gt;Gestionar mis ajustes&#8221;.<\/p>\n<p><strong>Se recomienda enviar el v\u00ednculo de este v\u00eddeo a los participantes <\/strong>para que sepan c\u00f3mo acceder y configurar sus ajustes.<\/p>\n<p><code>[kml_flashembed movie=\"http:\/\/www.youtube.com\/v\/D5oQzSoOWf4\" width=\"425\" height=\"350\" wmode=\"transparent\" \/]<\/code><\/p>\n<\/p>\n<p><\/p>","protected":false},"excerpt":{"rendered":"<p>1. Introducci\u00f3n:<br \/>\nAdobe Connect es una herramienta de videoconferencia integrada en la UMH. Para utilizarla tan s\u00f3lo es necesario disponer de un navegador con Adobe Flash instalado. Esta herramienta permite realizar videoconferencias de forma sencilla, ofreciendo imagen y voz del ponente, compartici\u00f3n de archivos, diapositivas y pantalla, interacci\u00f3n con chat, permisos de micr\u00f3fono a asistentes, realizaci\u00f3n [&#8230;]<\/p>\n","protected":false},"author":508,"featured_media":0,"parent":496,"menu_order":2,"comment_status":"closed","ping_status":"open","template":"","meta":{"_links_to":"","_links_to_target":""},"_links":{"self":[{"href":"https:\/\/innovacion-docente.umh.es\/en\/wp-json\/wp\/v2\/pages\/415"}],"collection":[{"href":"https:\/\/innovacion-docente.umh.es\/en\/wp-json\/wp\/v2\/pages"}],"about":[{"href":"https:\/\/innovacion-docente.umh.es\/en\/wp-json\/wp\/v2\/types\/page"}],"author":[{"embeddable":true,"href":"https:\/\/innovacion-docente.umh.es\/en\/wp-json\/wp\/v2\/users\/508"}],"replies":[{"embeddable":true,"href":"https:\/\/innovacion-docente.umh.es\/en\/wp-json\/wp\/v2\/comments?post=415"}],"version-history":[{"count":0,"href":"https:\/\/innovacion-docente.umh.es\/en\/wp-json\/wp\/v2\/pages\/415\/revisions"}],"up":[{"embeddable":true,"href":"https:\/\/innovacion-docente.umh.es\/en\/wp-json\/wp\/v2\/pages\/496"}],"wp:attachment":[{"href":"https:\/\/innovacion-docente.umh.es\/en\/wp-json\/wp\/v2\/media?parent=415"}],"curies":[{"name":"wp","href":"https:\/\/api.w.org\/{rel}","templated":true}]}}