{"id":333,"date":"2010-06-06T23:07:24","date_gmt":"2010-06-06T22:07:24","guid":{"rendered":"http:\/\/innovacion-docente.zeus.umh.es\/formacion\/recursos-web-para-la-docencia\/"},"modified":"2019-10-21T13:20:24","modified_gmt":"2019-10-21T11:20:24","slug":"recursos-web-para-la-docencia","status":"publish","type":"page","link":"https:\/\/innovacion-docente.umh.es\/en\/recursos-docentes\/recursos-web-para-la-docencia\/","title":{"rendered":"Web resources for teaching"},"content":{"rendered":"<p><\/p>\n<p><p class=\"MsoNormal\"><span><span>C1<span> <\/span><\/span><\/span><span>ADOBE CONNECT: Un recurso para la Docencia Online. Webinar: 2 horas. Responsable: Jos\u00e9 Luis Sirvent Blasco.(D\u00eda 6 de septiembre)<\/span><\/p>\n<p class=\"MsoNormal\" style=\"text-align: center\"><a href=\"https:\/\/connect.umh.es\/p49841607\/\" target=\"_blank\" rel=\"noopener noreferrer\">Grabaci\u00f3n de la sesi\u00f3n: ADOBE CONNECT<\/a><\/p>\n<p class=\"MsoNormal\"><span><span>C2<span> <\/span><\/span><\/span><span>RECURSOS WEB PARA LA EVALUACI\u00d3N. 3 horas presenciales. Recursos UMH (Tareas y Ex\u00e1menes Online) y otros recursos Web2.0. Responsable: Marco A. Marhuenda.(D\u00eda 7 de septiembre)<\/span><\/p>\n<table border=\"0\" width=\"75%\" align=\"center\">\n<tbody>\n<tr>\n<td>\n<p class=\"MsoNormal\" style=\"font-weight:bold\"><span>Recursos UMH:<\/span><\/p>\n<\/td>\n<td>\n<p class=\"MsoNormal\" style=\"font-weight:bold\">Otros Recursos Web 2.0:<\/p>\n<\/td>\n<\/tr>\n<tr>\n<td>\n<ul>\n<li><a href=\"http:\/\/recursosweb.innovacionumh.es\/aplicaciones-docentes-en-el-acceso-personalizado-de-la-umh\/06-aplicacion-de-entregar-corregir-tareas-de-la-umh\" target=\"_blank\" rel=\"noopener noreferrer\">Tareas<\/a><\/li>\n<li><a href=\"http:\/\/recursosweb.innovacionumh.es\/aplicaciones-docentes-en-el-acceso-personalizado-de-la-umh\/05-cuestionarios-online-umh\" target=\"_blank\" rel=\"noopener noreferrer\">Examenes Online<\/a><\/li>\n<\/ul>\n<\/td>\n<td>\n<ul>\n<li><a href=\"http:\/\/recursosweb.innovacionumh.es\/01-hotpotatoes\" target=\"_blank\" rel=\"noopener noreferrer\">HotPotatoes<\/a><\/li>\n<li><a href=\"http:\/\/recursosweb.innovacionumh.es\/02-prezi\" target=\"_blank\" rel=\"noopener noreferrer\">Prezi<\/a><\/li>\n<li><a href=\"http:\/\/recursosweb.innovacionumh.es\/plugins-para-firefox\/03-zotero\" target=\"_blank\" rel=\"noopener noreferrer\">Zotero <\/a><\/li>\n<li><a href=\"http:\/\/recursosweb.innovacionumh.es\/plugins-para-firefox\/04-wiredmarker\" target=\"_blank\" rel=\"noopener noreferrer\">Wired Marker <\/a><\/li>\n<li><a href=\"http:\/\/recursosweb.innovacionumh.es\/plugins-para-firefox\/screengrab\" target=\"_blank\" rel=\"noopener noreferrer\">ScreenGrab<\/a><\/li>\n<li><a href=\"http:\/\/recursosweb.innovacionumh.es\/07-camstudio-para-grabar-videos-de-tu-escritorio\" target=\"_blank\" rel=\"noopener noreferrer\">CamStudio<\/a><\/li>\n<li><a href=\"http:\/\/recursosweb.innovacionumh.es\/kompozer\" target=\"_blank\" rel=\"noopener noreferrer\">Kompozer <\/a><\/li>\n<\/ul>\n<\/td>\n<\/tr>\n<tr>\n<td colspan=\"2\"><a href=\"https:\/\/innovacion-docente.umh.es\/files\/2010\/10\/crucigrama_recursos_web.zip\" target=\"_blank\" rel=\"noopener noreferrer\">*Crucigrama Recursos Web<\/a><\/td>\n<\/tr>\n<\/tbody>\n<\/table>\n<div><span><span>C3<span> <\/span><\/span><\/span><span>RECURSOS GOOGLE Y APLICACIONES DOCENTES.<\/span><\/div>\n<p class=\"MsoNormal\"><span><span>I.<span> <\/span><\/span><\/span><span>GMAIL+CHAT+CALENDAR. 3 horas presenciales.<span> <\/span>Creaci\u00f3n y configuraci\u00f3n del correo de Google. \u00a0Creaci\u00f3n, \u00a0configuraci\u00f3n y compartici\u00f3n de eventos y calendarios. \u00a0Responsable: Marco A. Marhuenda.(D\u00eda 9 de septiembre)<\/span><\/p>\n<p class=\"MsoListParagraph\"><span><span>II.<span> <\/span><\/span><\/span><span>GOOGLE DOCS Y GRUPOS PARA LA INTERACCI\u00d3N CON EL ESTUDIANTE. Webinar: 2 hora. Responsable: M\u00aa Asunci\u00f3n Mart\u00ednez Mayoral.(D\u00eda 10 de septiembre)<\/span><\/p>\n<p class=\"MsoListParagraph\" style=\"text-align: center\"><span><a href=\"https:\/\/connect.umh.es\/p67928148\/\" target=\"_blank\" rel=\"noopener noreferrer\">Grabaci\u00f3n de la sesi\u00f3n: DOCS Y GRUPOS DE GOOGLE <\/a><\/span><\/p>\n<p class=\"MsoListParagraph\"><span><span>III.<span> <\/span><\/span><\/span><span>GOOGLE GRUPOS Y SITES PARA LA DOCENCIA: Casos pr\u00e1cticos. Webinar: 2 horas. Responsable: M\u00aa Asunci\u00f3n Mart\u00ednez Mayoral.(D\u00eda 14 de septiembre)<\/span><\/p>\n<p class=\"MsoListParagraph\" style=\"text-align: center\"><span><span><a href=\"https:\/\/connect.umh.es\/p19947617\/\" target=\"_blank\" rel=\"noopener noreferrer\">Grabaci\u00f3n de la sesi\u00f3n: <span>GOOGLE SITES PARA LA DOCENCIA<\/span><\/a><\/span><\/span><\/p>\n<p class=\"MsoListParagraph\"><span><span>IV.<span> <\/span><\/span><\/span><span>PROYECTO GOOGLE EN DOCENCIA: Propuesta y desarrollo de un Site asociado a una asignatura, vinculado a grupos, integraci\u00f3n de Calendar y otros recursos. Curso online de 4 horas. Evaluable. Responsables: M\u00aa Asunci\u00f3n Mart\u00ednez Mayoral y Marco A. Marhuenda.(Del 15 al 30 de septiembre)<\/span><\/p>\n<div><span><br \/>\n<\/span><\/div>\n<\/p>\n<p><\/p>","protected":false},"excerpt":{"rendered":"<p>C1 ADOBE CONNECT: Un recurso para la Docencia Online. Webinar: 2 horas. Responsable: Jos\u00e9 Luis Sirvent Blasco.(D\u00eda 6 de septiembre)<br \/>\nGrabaci\u00f3n de la sesi\u00f3n: ADOBE CONNECT<br \/>\nC2 RECURSOS WEB PARA LA EVALUACI\u00d3N. 3 horas presenciales. Recursos UMH (Tareas y Ex\u00e1menes Online) y otros recursos Web2.0. Responsable: Marco A. Marhuenda.(D\u00eda 7 de septiembre)<\/p>\n<p>Recursos UMH:<\/p>\n<p>Otros Recursos Web 2.0:<\/p>\n<p>Tareas<br \/>\nExamenes Online<\/p>\n<p>HotPotatoes<br \/>\nPrezi<br \/>\nZotero [&#8230;]<\/p>\n","protected":false},"author":191,"featured_media":0,"parent":496,"menu_order":1,"comment_status":"closed","ping_status":"open","template":"","meta":{"_links_to":"","_links_to_target":""},"_links":{"self":[{"href":"https:\/\/innovacion-docente.umh.es\/en\/wp-json\/wp\/v2\/pages\/333"}],"collection":[{"href":"https:\/\/innovacion-docente.umh.es\/en\/wp-json\/wp\/v2\/pages"}],"about":[{"href":"https:\/\/innovacion-docente.umh.es\/en\/wp-json\/wp\/v2\/types\/page"}],"author":[{"embeddable":true,"href":"https:\/\/innovacion-docente.umh.es\/en\/wp-json\/wp\/v2\/users\/191"}],"replies":[{"embeddable":true,"href":"https:\/\/innovacion-docente.umh.es\/en\/wp-json\/wp\/v2\/comments?post=333"}],"version-history":[{"count":0,"href":"https:\/\/innovacion-docente.umh.es\/en\/wp-json\/wp\/v2\/pages\/333\/revisions"}],"up":[{"embeddable":true,"href":"https:\/\/innovacion-docente.umh.es\/en\/wp-json\/wp\/v2\/pages\/496"}],"wp:attachment":[{"href":"https:\/\/innovacion-docente.umh.es\/en\/wp-json\/wp\/v2\/media?parent=333"}],"curies":[{"name":"wp","href":"https:\/\/api.w.org\/{rel}","templated":true}]}}