{"id":614,"date":"2017-02-15T12:44:16","date_gmt":"2017-02-15T11:44:16","guid":{"rendered":"http:\/\/innovacion-docente.umh.es\/?page_id=614"},"modified":"2019-10-21T13:20:26","modified_gmt":"2019-10-21T11:20:26","slug":"plan-indico-2017-innovacion-para-la-divulgacion-y-la-comunicacion","status":"publish","type":"page","link":"https:\/\/innovacion-docente.umh.es\/ca\/convocatorias-anteriores\/plan-indico-2017-innovacion-para-la-divulgacion-y-la-comunicacion\/","title":{"rendered":"<span lang=\"es\">(Espa\u00f1ol) Plan InDiCo 2017: Innovaci\u00f3n para la Divulgaci\u00f3n y la Comunicaci\u00f3n<\/span>"},"content":{"rendered":"<p class=\"qtranxs-available-languages-message qtranxs-available-languages-message-ca\">Ho sentim, aquesta entrada es troba disponible \u00fanicament en <a href=\"https:\/\/innovacion-docente.umh.es\/es\/wp-json\/wp\/v2\/pages\/614\" class=\"qtranxs-available-language-link qtranxs-available-language-link-es\" title=\"Espa\u00f1ol\">Espanyol Europeu<\/a>.<\/p>","protected":false},"excerpt":{"rendered":"<p>Ho sentim, aquesta entrada es troba disponible \u00fanicament en Espanyol Europeu.<\/p>\n","protected":false},"author":191,"featured_media":0,"parent":498,"menu_order":0,"comment_status":"closed","ping_status":"closed","template":"","meta":{"_links_to":"","_links_to_target":""},"_links":{"self":[{"href":"https:\/\/innovacion-docente.umh.es\/ca\/wp-json\/wp\/v2\/pages\/614"}],"collection":[{"href":"https:\/\/innovacion-docente.umh.es\/ca\/wp-json\/wp\/v2\/pages"}],"about":[{"href":"https:\/\/innovacion-docente.umh.es\/ca\/wp-json\/wp\/v2\/types\/page"}],"author":[{"embeddable":true,"href":"https:\/\/innovacion-docente.umh.es\/ca\/wp-json\/wp\/v2\/users\/191"}],"replies":[{"embeddable":true,"href":"https:\/\/innovacion-docente.umh.es\/ca\/wp-json\/wp\/v2\/comments?post=614"}],"version-history":[{"count":0,"href":"https:\/\/innovacion-docente.umh.es\/ca\/wp-json\/wp\/v2\/pages\/614\/revisions"}],"up":[{"embeddable":true,"href":"https:\/\/innovacion-docente.umh.es\/ca\/wp-json\/wp\/v2\/pages\/498"}],"wp:attachment":[{"href":"https:\/\/innovacion-docente.umh.es\/ca\/wp-json\/wp\/v2\/media?parent=614"}],"curies":[{"name":"wp","href":"https:\/\/api.w.org\/{rel}","templated":true}]}}