{"id":332,"date":"2010-06-06T23:04:25","date_gmt":"2010-06-06T22:04:25","guid":{"rendered":"http:\/\/innovacion-docente.zeus.umh.es\/?page_id=332"},"modified":"2019-10-21T13:20:25","modified_gmt":"2019-10-21T11:20:25","slug":"materiales-docentes-reutilizables-y-para-la-docencia-en-red","status":"publish","type":"page","link":"https:\/\/innovacion-docente.umh.es\/ca\/recursos-docentes\/formacion-a-docentes\/materiales-docentes-reutilizables-y-para-la-docencia-en-red\/","title":{"rendered":"Materials docents reutilitzables i per a la doc\u00e8ncia en red"},"content":{"rendered":"<p><\/p>\n<p><p><span><span>C1<span> <\/span><\/span><\/span><span>CONTENIDOS DOCENTES REUTILIZABLES. Principios b\u00e1sicos para la elaboraci\u00f3n de materiales reutilizables. Repositorios institucionales y OpenCourseWare (OCW). 4 horas presenciales. Responsable: Julio Barroso (U.Sevilla). D\u00eda 3 de junio, de 16 a 20 h, <\/span>aula Inform\u00e1tica\u00a0 Edificio Altet<\/p>\n<p class=\"MsoListParagraph\">Materiales:<\/p>\n<p><a href=\"https:\/\/innovacion-docente.umh.es\/files\/2010\/06\/diseno-de-materiales-para-la-red.ppt\" target=\"_blank\" rel=\"noopener noreferrer\">diseno-de-materiales-para-la-red<\/a><\/p>\n<p><a href=\"https:\/\/innovacion-docente.umh.es\/files\/2010\/06\/web-20.ppt\" target=\"_blank\" rel=\"noopener noreferrer\">web-20<\/a><\/p>\n<hr \/>\n<p><span><span>C2<span> <\/span><\/span><\/span><span>GU\u00cdA PARA EL DISE\u00d1O DE MATERIALES DID\u00c1CTICOS. Principios b\u00e1sicos para la elaboraci\u00f3n de materiales para la docencia presencial y en red. 4 horas presenciales. Responsable: Julio Barroso (U.Sevilla).<\/span> D\u00eda 4 de junio, de 10 a 14h,\u00a0 Aula Inform\u00e1tica\u00a00.2 Edificio Altabix<\/p>\n<hr \/>\n<p><span><span>C3<span> <\/span><\/span><\/span><span>RECURSOS PARA LA ELABORACI\u00d3N DE MATERIALES DOCENTES MULTIMEDIA EN LA UMH.\u00a0<span> <\/span>2 horas online-webinar. Responsable: Carlos Ramos<\/span>. D\u00eda 9 de junio, de 10 a 12h<\/p>\n<blockquote>\n<p><span>Para asistir al seminario web debe conectarse a la direcci\u00f3n\u00a0<span><a href=\"https:\/\/connect.umh.es\/voae-innovacion\">https:\/\/connect.umh.es\/voae-innovacion<\/a> e ingresar\u00a0<strong>como invitado<\/strong>. <\/span><\/span><span><span>La sala estar\u00e1 abierta desde las 09:45. Si tiene alg\u00fan problema con la conexi\u00f3n puede llamar a las extensiones 2466 (Marco) &#8211; 2467 (Carlos)<\/span><\/span><\/p>\n<p style=\"text-align: center\"><span><strong>CITA: <\/strong><a href=\"https:\/\/connect.umh.es\/voae-innovacion\"><strong>https:\/\/connect.umh.es\/voae-innovacion<\/strong><\/a><strong> a las 10:00 del d\u00eda 09\/06<\/strong><\/span><\/p>\n<\/blockquote>\n<p><span><br \/>\n<\/span><\/p>\n<hr \/>\n<p>C4 DESARROLLO DE UN PROYECTO DE ELABORACI\u00d3N DE MATERIALES DOCENTES MULTIMEDIA PARA UNA SESI\u00d3N DE 2 HORAS DE TRABAJO . Curso online de 5 horas. Directrices expl\u00edcitas en el\u00a0<a href=\"http:\/\/sites.google.com\/site\/docenciaenredumh\/\" target=\"_blank\" rel=\"noopener noreferrer\">Sitio Web<\/a>. Evaluable. Responsables: M\u00aa Asunci\u00f3n Mart\u00ednez Mayoral y Carlos Ramos.<\/p>\n<hr \/>\n<hr \/>\n<p class=\"MsoNormal\">\u00a0<\/p>\n<\/p>\n<p><\/p>","protected":false},"excerpt":{"rendered":"<p>C1 CONTENIDOS DOCENTES REUTILIZABLES. Principios b\u00e1sicos para la elaboraci\u00f3n de materiales reutilizables. Repositorios institucionales y OpenCourseWare (OCW). 4 horas presenciales. Responsable: Julio Barroso (U.Sevilla). D\u00eda 3 de junio, de 16 a 20 h, aula Inform\u00e1tica\u00a0 Edificio Altet<br \/>\nMateriales:<br \/>\ndiseno-de-materiales-para-la-red<br \/>\nweb-20<\/p>\n<p>C2 GU\u00cdA PARA EL DISE\u00d1O DE MATERIALES DID\u00c1CTICOS. Principios b\u00e1sicos para la elaboraci\u00f3n de materiales para la docencia presencial [&#8230;]<\/p>\n","protected":false},"author":191,"featured_media":0,"parent":461,"menu_order":3,"comment_status":"closed","ping_status":"open","template":"","meta":{"_links_to":"","_links_to_target":""},"_links":{"self":[{"href":"https:\/\/innovacion-docente.umh.es\/ca\/wp-json\/wp\/v2\/pages\/332"}],"collection":[{"href":"https:\/\/innovacion-docente.umh.es\/ca\/wp-json\/wp\/v2\/pages"}],"about":[{"href":"https:\/\/innovacion-docente.umh.es\/ca\/wp-json\/wp\/v2\/types\/page"}],"author":[{"embeddable":true,"href":"https:\/\/innovacion-docente.umh.es\/ca\/wp-json\/wp\/v2\/users\/191"}],"replies":[{"embeddable":true,"href":"https:\/\/innovacion-docente.umh.es\/ca\/wp-json\/wp\/v2\/comments?post=332"}],"version-history":[{"count":0,"href":"https:\/\/innovacion-docente.umh.es\/ca\/wp-json\/wp\/v2\/pages\/332\/revisions"}],"up":[{"embeddable":true,"href":"https:\/\/innovacion-docente.umh.es\/ca\/wp-json\/wp\/v2\/pages\/461"}],"wp:attachment":[{"href":"https:\/\/innovacion-docente.umh.es\/ca\/wp-json\/wp\/v2\/media?parent=332"}],"curies":[{"name":"wp","href":"https:\/\/api.w.org\/{rel}","templated":true}]}}