{"id":219,"date":"2010-05-25T15:42:30","date_gmt":"2010-05-25T14:42:30","guid":{"rendered":"http:\/\/innovacion-docente.zeus.umh.es\/?page_id=219"},"modified":"2025-07-02T18:08:23","modified_gmt":"2025-07-02T16:08:23","slug":"inicio","status":"publish","type":"page","link":"https:\/\/innovacion-docente.umh.es\/ca\/inicio\/","title":{"rendered":"Inici"},"content":{"rendered":"<p><\/p>\n<p><p>El Vicerrectorado de Estudios tiene entre sus competencias, la promoci\u00f3n de la innovaci\u00f3n docente en la UMH. Esta web pretende ser un portal para la innovaci\u00f3n y mejora docente entre nuestros profesores \u00a0y profesoras, \u00a0a trav\u00e9s del que proporcionar recursos e informaci\u00f3n y escuchar las sugerencias de nuestros profesores y estudiantes para dise\u00f1ar las estrategias de avance en innovaci\u00f3n y mejora docente dentro de la UMH.<\/p>\n<p>En esta web podr\u00e1s encontrar recursos relacionados con los recursos web disponibles en la UMH para la docencia, materiales docentes, cursos de formaci\u00f3n a docentes, noticias generales y espec\u00edficas relacionadas con la innovaci\u00f3n y mejora docente en la universidad.<\/p>\n<div><a href=\"https:\/\/innovacion-docente.umh.es\/files\/2012\/01\/innoveision.gif\"><img loading=\"lazy\" class=\"aligncenter size-full wp-image-446\" src=\"https:\/\/innovacion-docente.umh.es\/files\/2012\/01\/innoveision.gif\" alt=\"\" width=\"450\" height=\"300\" srcset=\"https:\/\/innovacion-docente.umh.es\/files\/2012\/01\/innoveision.gif 450w, https:\/\/innovacion-docente.umh.es\/files\/2012\/01\/innoveision-300x200.gif 300w\" sizes=\"(max-width: 450px) 100vw, 450px\" \/><\/a><\/div>\n<\/p>\n<p><\/p>","protected":false},"excerpt":{"rendered":"<p>El Vicerrectorado de Estudios tiene entre sus competencias, la promoci\u00f3n de la innovaci\u00f3n docente en la UMH. Esta web pretende ser un portal para la innovaci\u00f3n y mejora docente entre nuestros profesores \u00a0y profesoras, \u00a0a trav\u00e9s del que proporcionar recursos e informaci\u00f3n y escuchar las sugerencias de nuestros profesores y estudiantes para dise\u00f1ar las estrategias [&#8230;]<\/p>\n","protected":false},"author":191,"featured_media":0,"parent":0,"menu_order":0,"comment_status":"closed","ping_status":"closed","template":"","meta":{"_links_to":"","_links_to_target":""},"_links":{"self":[{"href":"https:\/\/innovacion-docente.umh.es\/ca\/wp-json\/wp\/v2\/pages\/219"}],"collection":[{"href":"https:\/\/innovacion-docente.umh.es\/ca\/wp-json\/wp\/v2\/pages"}],"about":[{"href":"https:\/\/innovacion-docente.umh.es\/ca\/wp-json\/wp\/v2\/types\/page"}],"author":[{"embeddable":true,"href":"https:\/\/innovacion-docente.umh.es\/ca\/wp-json\/wp\/v2\/users\/191"}],"replies":[{"embeddable":true,"href":"https:\/\/innovacion-docente.umh.es\/ca\/wp-json\/wp\/v2\/comments?post=219"}],"version-history":[{"count":0,"href":"https:\/\/innovacion-docente.umh.es\/ca\/wp-json\/wp\/v2\/pages\/219\/revisions"}],"wp:attachment":[{"href":"https:\/\/innovacion-docente.umh.es\/ca\/wp-json\/wp\/v2\/media?parent=219"}],"curies":[{"name":"wp","href":"https:\/\/api.w.org\/{rel}","templated":true}]}}