{"id":19,"date":"2009-03-18T23:40:43","date_gmt":"2009-03-18T22:40:43","guid":{"rendered":"http:\/\/innovacion-docente.zeus.umh.es\/?page_id=19"},"modified":"2025-09-12T12:24:23","modified_gmt":"2025-09-12T10:24:23","slug":"innodoc-umh","status":"publish","type":"page","link":"https:\/\/innovacion-docente.umh.es\/ca\/innodoc-umh\/","title":{"rendered":"Contacta"},"content":{"rendered":"<p><\/p>\n<p style=\"margin: 0cm 0cm 0pt;text-align: justify\">Este blog pretende ser una herramienta \u00fatil especialmente para los docentes de nuestra Universidad, ofreciendo informaci\u00f3n de actualidad y recursos \u00fatiles para la innovaci\u00f3n docente.<\/p>\n<p style=\"margin: 0cm 0cm 0pt;text-align: justify\">Puedes contactar con nosotros a trav\u00e9s de:<\/p>\n<p style=\"margin: 0cm 0cm 0pt;text-align: justify\"><span style=\"color: #0000ff\">M\u00aa ASunci\u00f3n Mart\u00ednez Mayoral<\/span><\/p>\n<p style=\"margin: 0cm 0cm 0pt;text-align: justify\"><span style=\"color: #0000ff\">Vicerrectora Adjunta para la Formaci\u00f3n e Innovaci\u00f3n<\/span><\/p>\n<p style=\"margin: 0cm 0cm 0pt;text-align: justify\"><span style=\"color: #0000ff\">Vicerrectorado de EStudios<\/span><\/p>\n<p style=\"margin: 0cm 0cm 0pt;text-align: justify\"><span style=\"color: #0000ff\">Email: asun.mayoral@umh.es<\/span><\/p>\n<p style=\"margin: 0cm 0cm 0pt;text-align: justify\"><span style=\"color: #0000ff\">Tfno: 96 665 8839; 59542<\/span><\/p>\n<p style=\"margin: 0cm 0cm 0pt;text-align: justify\">Estaremos encantados de recibir vuestras sugerencias, noticias y enlaces sobre cualquier tema relacionado con la innovaci\u00f3n y mejora docente en la UMH.\u00a0Asimismo, puedes plantear consultas, dudas y curiosidades sobre la innovaci\u00f3n docente en la UMH rellenando este formulario<\/p>\n<p style=\"margin: 0cm 0cm 0pt;text-align: justify\">Este blog pretende ser una herramienta \u00fatil especialmente para los docentes de nuestra Universidad, ofreciendo informaci\u00f3n de actualidad y recursos \u00fatiles para la innovaci\u00f3n docente.<\/p>\n<p style=\"margin: 0cm 0cm 0pt;text-align: justify\">Puedes contactar con nosotros a trav\u00e9s de:<\/p>\n<p style=\"margin: 0cm 0cm 0pt;text-align: justify\"><span style=\"color: #0000ff\">M\u00aa ASunci\u00f3n Mart\u00ednez Mayoral<\/span><\/p>\n<p style=\"margin: 0cm 0cm 0pt;text-align: justify\"><span style=\"color: #0000ff\">Vicerrectora Adjunta para la Formaci\u00f3n e Innovaci\u00f3n<\/span><\/p>\n<p style=\"margin: 0cm 0cm 0pt;text-align: justify\"><span style=\"color: #0000ff\">Vicerrectorado de EStudios<\/span><\/p>\n<p style=\"margin: 0cm 0cm 0pt;text-align: justify\"><span style=\"color: #0000ff\">Email: asun.mayoral@umh.es<\/span><\/p>\n<p style=\"margin: 0cm 0cm 0pt;text-align: justify\"><span style=\"color: #0000ff\">Tfno: 96 665 8839; 59542<\/span><\/p>\n<p style=\"margin: 0cm 0cm 0pt;text-align: justify\">Estaremos encantados de recibir vuestras sugerencias, noticias y enlaces sobre cualquier tema relacionado con la innovaci\u00f3n y mejora docente en la UMH.\u00a0Asimismo, puedes plantear consultas, dudas y curiosidades sobre la innovaci\u00f3n docente en la UMH rellenando este formulario<\/p>\n<p style=\"margin: 0cm 0cm 0pt;text-align: justify\">\n<p style=\"text-align: justify\">\n<p><\/p>","protected":false},"excerpt":{"rendered":"<p>Este blog pretende ser una herramienta \u00fatil especialmente para los docentes de nuestra Universidad, ofreciendo informaci\u00f3n de actualidad y recursos \u00fatiles para la innovaci\u00f3n docente.<br \/>\nPuedes contactar con nosotros a trav\u00e9s de:<br \/>\nM\u00aa ASunci\u00f3n Mart\u00ednez Mayoral<br \/>\nVicerrectora Adjunta para la Formaci\u00f3n e Innovaci\u00f3n<br \/>\nVicerrectorado de EStudios<br \/>\nEmail: asun.mayoral@umh.es<br \/>\nTfno: 96 665 8839; 59542<br \/>\nEstaremos encantados de recibir vuestras sugerencias, noticias y enlaces [&#8230;]<\/p>\n","protected":false},"author":191,"featured_media":0,"parent":0,"menu_order":70,"comment_status":"closed","ping_status":"closed","template":"","meta":{"_links_to":"","_links_to_target":""},"_links":{"self":[{"href":"https:\/\/innovacion-docente.umh.es\/ca\/wp-json\/wp\/v2\/pages\/19"}],"collection":[{"href":"https:\/\/innovacion-docente.umh.es\/ca\/wp-json\/wp\/v2\/pages"}],"about":[{"href":"https:\/\/innovacion-docente.umh.es\/ca\/wp-json\/wp\/v2\/types\/page"}],"author":[{"embeddable":true,"href":"https:\/\/innovacion-docente.umh.es\/ca\/wp-json\/wp\/v2\/users\/191"}],"replies":[{"embeddable":true,"href":"https:\/\/innovacion-docente.umh.es\/ca\/wp-json\/wp\/v2\/comments?post=19"}],"version-history":[{"count":0,"href":"https:\/\/innovacion-docente.umh.es\/ca\/wp-json\/wp\/v2\/pages\/19\/revisions"}],"wp:attachment":[{"href":"https:\/\/innovacion-docente.umh.es\/ca\/wp-json\/wp\/v2\/media?parent=19"}],"curies":[{"name":"wp","href":"https:\/\/api.w.org\/{rel}","templated":true}]}}